{"id":50,"date":"2019-03-14T19:22:22","date_gmt":"2019-03-14T18:22:22","guid":{"rendered":"http:\/\/www.sbr-electronic.dk\/?page_id=50"},"modified":"2025-12-09T13:54:12","modified_gmt":"2025-12-09T12:54:12","slug":"kontaktinformationer","status":"publish","type":"page","link":"https:\/\/www.sbr-electronic.dk\/?page_id=50","title":{"rendered":"Kontakt"},"content":{"rendered":"<p><span style=\"font-family: helvetica, arial, sans-serif;\"><img decoding=\"async\" loading=\"lazy\" class=\"alignnone wp-image-95\" src=\"http:\/\/www.sbr-electronic.dk\/wp-content\/uploads\/2019\/03\/OmOsForretn.jpg\" alt=\"\" width=\"272\" height=\"249\"><\/span><\/p>\n<p><em><span style=\"font-family: helvetica, arial, sans-serif;\">Indlevering p\u00e5 h\u00f8jre side af bygningen.<\/span><\/em><\/p>\n<p><span style=\"font-family: helvetica, arial, sans-serif;\">Vores \u00e5bningstider for indlevering \/ udlevering er:<\/span><\/p>\n<p><span style=\"font-family: helvetica, arial, sans-serif;\">mandag &#8211; torsdag kl. 14 &#8211; 16.00 og fredag fra kl. 14 -15.30<\/span><\/p>\n<p><span style=\"font-family: helvetica, arial, sans-serif;\">Ring gerne inden ankomst.<\/span><\/p>\n<p><span style=\"font-family: helvetica, arial, sans-serif;\">Buddingevej 88, 2800 Lyngby<\/span><\/p>\n<p><span style=\"font-family: helvetica, arial, sans-serif; font-size: 18pt;\">Telefon: 45 88 60 77<\/span><\/p>\n<p>&nbsp;<\/p>\n<p>&nbsp;<\/p>\n<p style=\"text-align: center;\"><span style=\"font-family: helvetica, arial, sans-serif;\"><span style=\"font-size: 10pt;\"><strong>SBR Electronic:<\/strong> Buddingevej 88 &#8211; 2800 Lyngby \u2022 Tlf.: 45 88 60 77 \u2022 <a href=\"mailto:sbr@beoservice.com\">sbr@beoservice.com <\/a><\/span><\/span><br \/>\n<em><span style=\"font-family: helvetica, arial, sans-serif;\"><span style=\"font-size: 10pt;\">\u00c5bningstider : Mandag \u2013 torsdag&nbsp; 8.00 -16.00 \/ fredag 8.00 &#8211; 15.30 Tlf. tid 8.00-10.00 -14.00-16.00<\/span><\/span><\/em><\/p>\n<p style=\"text-align: center;\"><span style=\"font-family: helvetica, arial, sans-serif; font-size: 10pt;\">V\u00e6rkstedet er i perioder ubemandet grundet udeservice <\/span><\/p>\n<p style=\"text-align: center;\"><span style=\"font-family: helvetica, arial, sans-serif; font-size: 10pt;\">Ring gerne f\u00f8r ankomst (bem\u00e6rk ovenst\u00e5ende tlf. tid)<\/span><\/p>\n","protected":false},"excerpt":{"rendered":"<p>Indlevering p\u00e5 h\u00f8jre side af bygningen. Vores \u00e5bningstider for indlevering \/ udlevering er: mandag &#8211; torsdag kl. 14 &#8211; 16.00 og fredag fra kl. 14 -15.30 Ring gerne inden ankomst. Buddingevej 88, 2800 Lyngby Telefon: 45 88 60 77 &nbsp;<span class=\"ellipsis\">&hellip;<\/span><\/p>\n<div class=\"read-more\"><a href=\"https:\/\/www.sbr-electronic.dk\/?page_id=50\">L\u00e6s mere &#8250;<\/a><\/div>\n<p><!-- end of .read-more --><\/p>\n","protected":false},"author":1,"featured_media":0,"parent":0,"menu_order":6,"comment_status":"closed","ping_status":"closed","template":"content-sidebar-half-page.php","meta":{"ngg_post_thumbnail":0},"_links":{"self":[{"href":"https:\/\/www.sbr-electronic.dk\/index.php?rest_route=\/wp\/v2\/pages\/50"}],"collection":[{"href":"https:\/\/www.sbr-electronic.dk\/index.php?rest_route=\/wp\/v2\/pages"}],"about":[{"href":"https:\/\/www.sbr-electronic.dk\/index.php?rest_route=\/wp\/v2\/types\/page"}],"author":[{"embeddable":true,"href":"https:\/\/www.sbr-electronic.dk\/index.php?rest_route=\/wp\/v2\/users\/1"}],"replies":[{"embeddable":true,"href":"https:\/\/www.sbr-electronic.dk\/index.php?rest_route=%2Fwp%2Fv2%2Fcomments&post=50"}],"version-history":[{"count":29,"href":"https:\/\/www.sbr-electronic.dk\/index.php?rest_route=\/wp\/v2\/pages\/50\/revisions"}],"predecessor-version":[{"id":503,"href":"https:\/\/www.sbr-electronic.dk\/index.php?rest_route=\/wp\/v2\/pages\/50\/revisions\/503"}],"wp:attachment":[{"href":"https:\/\/www.sbr-electronic.dk\/index.php?rest_route=%2Fwp%2Fv2%2Fmedia&parent=50"}],"curies":[{"name":"wp","href":"https:\/\/api.w.org\/{rel}","templated":true}]}}