{"id":472,"date":"2025-12-08T17:05:48","date_gmt":"2025-12-08T16:05:48","guid":{"rendered":"https:\/\/www.sbr-electronic.dk\/?page_id=472"},"modified":"2025-12-09T13:52:32","modified_gmt":"2025-12-09T12:52:32","slug":"yamaha-servicecenter","status":"publish","type":"page","link":"https:\/\/www.sbr-electronic.dk\/?page_id=472","title":{"rendered":"Yamaha Servicecenter"},"content":{"rendered":"<p><strong><img decoding=\"async\" loading=\"lazy\" class=\"alignright\" src=\"https:\/\/www.sbr-electronic.dk\/wp-content\/uploads\/2025\/12\/Yamaha-music.png\" alt=\"\" width=\"259\" height=\"148\"> <span style=\"font-size: 14pt; font-family: helvetica, arial, sans-serif; color: #808080;\">Yamaha Servicecenter<\/span><\/strong><\/p>\n<p>&nbsp;<\/p>\n<p style=\"text-align: center;\">SBR Electronic er pr. 1.1.25 blevet autoriseret servicev\u00e6rksted Yamaha Music Group.<\/p>\n<p>&nbsp;<\/p>\n<p>&nbsp;<\/p>\n<p>Vi udf\u00f8rer:<\/p>\n<p>Reparation og Service og vedligeholdelse af Yamaha Stagepiano, Synthesizer, Pro Audio<\/p>\n<p>Kontakt os gerne for aftale om Service, reparation eller priser p\u00e5 reservedele p\u00e5:<\/p>\n<p><a href=\"mailto:Yamaha@sbr-electronic.dk\">Yamaha@sbr-electronic.dk<\/a><\/p>\n<p>&nbsp;<\/p>\n<p style=\"text-align: center;\"><span style=\"font-family: helvetica, arial, sans-serif;\"><span style=\"font-size: 10pt;\"><strong>SBR Electronic:<\/strong> Buddingevej 88 &#8211; 2800 Lyngby \u2022 Tlf.: 45 88 60 77 \u2022 <a href=\"mailto:sbr@beoservice.com\">sbr@beoservice.com <\/a><\/span><\/span><br \/>\n<em><span style=\"font-family: helvetica, arial, sans-serif;\"><span style=\"font-size: 10pt;\">\u00c5bningstider : Mandag \u2013 torsdag&nbsp; 8.00 -16.00 \/ fredag 8.00 &#8211; 15.30 Tlf. tid 8.00-10.00 -14.00-16.00<\/span><\/span><\/em><\/p>\n<p style=\"text-align: center;\"><span style=\"font-family: helvetica, arial, sans-serif; font-size: 10pt;\">V\u00e6rkstedet er i perioder ubemandet grundet udeservice <\/span><\/p>\n<p style=\"text-align: center;\"><span style=\"font-family: helvetica, arial, sans-serif; font-size: 10pt;\">Ring gerne f\u00f8r ankomst (bem\u00e6rk ovenst\u00e5ende tlf. tid)<\/span><\/p>\n","protected":false},"excerpt":{"rendered":"<p>Yamaha Servicecenter &nbsp; SBR Electronic er pr. 1.1.25 blevet autoriseret servicev\u00e6rksted Yamaha Music Group. &nbsp; &nbsp; Vi udf\u00f8rer: Reparation og Service og vedligeholdelse af Yamaha Stagepiano, Synthesizer, Pro Audio Kontakt os gerne for aftale om Service, reparation eller priser p\u00e5<span class=\"ellipsis\">&hellip;<\/span><\/p>\n<div class=\"read-more\"><a href=\"https:\/\/www.sbr-electronic.dk\/?page_id=472\">L\u00e6s mere &#8250;<\/a><\/div>\n<p><!-- end of .read-more --><\/p>\n","protected":false},"author":1,"featured_media":0,"parent":0,"menu_order":0,"comment_status":"closed","ping_status":"closed","template":"","meta":{"ngg_post_thumbnail":0},"_links":{"self":[{"href":"https:\/\/www.sbr-electronic.dk\/index.php?rest_route=\/wp\/v2\/pages\/472"}],"collection":[{"href":"https:\/\/www.sbr-electronic.dk\/index.php?rest_route=\/wp\/v2\/pages"}],"about":[{"href":"https:\/\/www.sbr-electronic.dk\/index.php?rest_route=\/wp\/v2\/types\/page"}],"author":[{"embeddable":true,"href":"https:\/\/www.sbr-electronic.dk\/index.php?rest_route=\/wp\/v2\/users\/1"}],"replies":[{"embeddable":true,"href":"https:\/\/www.sbr-electronic.dk\/index.php?rest_route=%2Fwp%2Fv2%2Fcomments&post=472"}],"version-history":[{"count":14,"href":"https:\/\/www.sbr-electronic.dk\/index.php?rest_route=\/wp\/v2\/pages\/472\/revisions"}],"predecessor-version":[{"id":501,"href":"https:\/\/www.sbr-electronic.dk\/index.php?rest_route=\/wp\/v2\/pages\/472\/revisions\/501"}],"wp:attachment":[{"href":"https:\/\/www.sbr-electronic.dk\/index.php?rest_route=%2Fwp%2Fv2%2Fmedia&parent=472"}],"curies":[{"name":"wp","href":"https:\/\/api.w.org\/{rel}","templated":true}]}}