{"id":42,"date":"2019-03-14T19:20:19","date_gmt":"2019-03-14T18:20:19","guid":{"rendered":"http:\/\/www.sbr-electronic.dk\/?page_id=42"},"modified":"2025-12-09T13:53:05","modified_gmt":"2025-12-09T12:53:05","slug":"bo-reparation-garantiservice","status":"publish","type":"page","link":"https:\/\/www.sbr-electronic.dk\/?page_id=42","title":{"rendered":"B&#038;O Service"},"content":{"rendered":"<p><span style=\"color: #808080;\"><strong><span style=\"font-family: helvetica, arial, sans-serif; font-size: 14pt;\">B&amp;O reparation og garantiservice<\/span><\/strong><\/span><\/p>\n<p><span style=\"color: #ff0000;\"><strong>Der er pt. ca. 4 ugers ekspeditionstid p\u00e5 ikke garanti reparation af&nbsp; Audio produkter<\/strong><\/span><\/p>\n<p><img decoding=\"async\" loading=\"lazy\" class=\"alignnone wp-image-438\" src=\"https:\/\/www.sbr-electronic.dk\/wp-content\/uploads\/2024\/04\/harmony.jpg\" alt=\"\" width=\"214\" height=\"163\" srcset=\"https:\/\/www.sbr-electronic.dk\/wp-content\/uploads\/2024\/04\/harmony.jpg 1600w, https:\/\/www.sbr-electronic.dk\/wp-content\/uploads\/2024\/04\/harmony-300x228.jpg 300w, https:\/\/www.sbr-electronic.dk\/wp-content\/uploads\/2024\/04\/harmony-768x585.jpg 768w, https:\/\/www.sbr-electronic.dk\/wp-content\/uploads\/2024\/04\/harmony-1024x780.jpg 1024w, https:\/\/www.sbr-electronic.dk\/wp-content\/uploads\/2024\/04\/harmony-100x76.jpg 100w, https:\/\/www.sbr-electronic.dk\/wp-content\/uploads\/2024\/04\/harmony-150x114.jpg 150w, https:\/\/www.sbr-electronic.dk\/wp-content\/uploads\/2024\/04\/harmony-200x152.jpg 200w, https:\/\/www.sbr-electronic.dk\/wp-content\/uploads\/2024\/04\/harmony-450x343.jpg 450w, https:\/\/www.sbr-electronic.dk\/wp-content\/uploads\/2024\/04\/harmony-600x457.jpg 600w, https:\/\/www.sbr-electronic.dk\/wp-content\/uploads\/2024\/04\/harmony-900x685.jpg 900w\" sizes=\"(max-width: 214px) 100vw, 214px\" \/><img decoding=\"async\" loading=\"lazy\" class=\"alignnone wp-image-439\" src=\"https:\/\/www.sbr-electronic.dk\/wp-content\/uploads\/2024\/04\/BeoLab-90.jpg\" alt=\"\" width=\"287\" height=\"161\" srcset=\"https:\/\/www.sbr-electronic.dk\/wp-content\/uploads\/2024\/04\/BeoLab-90.jpg 1000w, https:\/\/www.sbr-electronic.dk\/wp-content\/uploads\/2024\/04\/BeoLab-90-300x169.jpg 300w, https:\/\/www.sbr-electronic.dk\/wp-content\/uploads\/2024\/04\/BeoLab-90-768x432.jpg 768w, https:\/\/www.sbr-electronic.dk\/wp-content\/uploads\/2024\/04\/BeoLab-90-100x56.jpg 100w, https:\/\/www.sbr-electronic.dk\/wp-content\/uploads\/2024\/04\/BeoLab-90-150x84.jpg 150w, https:\/\/www.sbr-electronic.dk\/wp-content\/uploads\/2024\/04\/BeoLab-90-200x112.jpg 200w, https:\/\/www.sbr-electronic.dk\/wp-content\/uploads\/2024\/04\/BeoLab-90-450x253.jpg 450w, https:\/\/www.sbr-electronic.dk\/wp-content\/uploads\/2024\/04\/BeoLab-90-600x337.jpg 600w, https:\/\/www.sbr-electronic.dk\/wp-content\/uploads\/2024\/04\/BeoLab-90-900x506.jpg 900w\" sizes=\"(max-width: 287px) 100vw, 287px\" \/><\/p>\n<p><span style=\"font-family: helvetica, arial, sans-serif;\">SBR electronic bestr\u00e6ber sig p\u00e5 at yde en service, som matcher det uforlignelige fokus p\u00e5 kvalitet og design, du finder i alle Bang &amp; Olufsen produkter.<\/span><\/p>\n<p><span style=\"font-family: helvetica, arial, sans-serif;\">Vort B&amp;O Servicev\u00e6rksted er udstyret med moderne tekniske faciliteter, herunder test og m\u00e5leudstyr, s\u00e5ledes at vi sikrer dig en effektiv og sikker service af dit Bang &amp; Olufsen udstyr.<br \/>\n<\/span><\/p>\n<p><span style=\"font-family: helvetica, arial, sans-serif; font-size: 14pt;\"><strong><img decoding=\"async\" loading=\"lazy\" class=\"alignnone size-full wp-image-116\" src=\"http:\/\/www.sbr-electronic.dk\/wp-content\/uploads\/2019\/03\/Forside.Lille_.2.a-e1552737784514.jpg\" alt=\"\" width=\"154\" height=\"149\"> <img decoding=\"async\" loading=\"lazy\" class=\"alignnone size-full wp-image-208\" src=\"http:\/\/www.sbr-electronic.dk\/wp-content\/uploads\/2019\/03\/beolink_multiroom_zuschalten-e1552737949373.jpg\" alt=\"\" width=\"224\" height=\"149\"> <img decoding=\"async\" loading=\"lazy\" class=\"alignnone wp-image-209 size-full\" src=\"http:\/\/www.sbr-electronic.dk\/wp-content\/uploads\/2019\/03\/categoryslider_beovisioneclipse-e1552738203652.jpg\" alt=\"\" width=\"148\" height=\"149\" srcset=\"https:\/\/www.sbr-electronic.dk\/wp-content\/uploads\/2019\/03\/categoryslider_beovisioneclipse-e1552738203652.jpg 148w, https:\/\/www.sbr-electronic.dk\/wp-content\/uploads\/2019\/03\/categoryslider_beovisioneclipse-e1552738203652-100x101.jpg 100w\" sizes=\"(max-width: 148px) 100vw, 148px\" \/><br \/>\nInternational garanti<\/strong><br \/>\n<\/span><span style=\"font-family: helvetica, arial, sans-serif;\">Akkurat som Bang &amp; Olufsens produkter giver dig en kvalitet og en nydelse der overg\u00e5r dine forventninger, g\u00f8r Bang &amp; Olufsens internationale garanti det ogs\u00e5. Er der brug for service\/support i garantiperioden, kontaktes forhandleren der har leveret produktet.<\/span><\/p>\n<p><span style=\"font-family: helvetica, arial, sans-serif; font-size: 14pt; color: #808080;\"><strong>I gode h\u00e6nder<\/strong><br \/>\n<\/span><span style=\"font-family: helvetica, arial, sans-serif;\">Vores vigtigste opgave er at tage vare p\u00e5 de B&amp;O produkter du har anskaffet. Og vi vil g\u00f8re alt hvad vi kan, for at hj\u00e6lpe dig hurtigst og bedst muligt, og er det muligt, vil vi bestr\u00e6be os p\u00e5 altid at udf\u00f8re service direkte i dit hjem.&nbsp;<\/span><\/p>\n<p><span style=\"font-family: helvetica, arial, sans-serif;\"><span style=\"font-size: 14pt; color: #808080;\"><strong>Stort reservedelslager<\/strong><br \/>\n<\/span>Vi er lagerf\u00f8rende i et bredt udvalg af reservedele, og kan ofte tilbyde korte reparationstider.<br \/>\nEr der et behov for at l\u00e5ne et erstatnings TV i reparationstiden, kan det evt. lade sig g\u00f8re.<\/span><\/p>\n<p><span style=\"font-family: helvetica, arial, sans-serif;\">Har du brug for reparation af et eller flere B&amp;O produkter <strong><em>efter<\/em><\/strong> garantiperiodens udl\u00f8b, kan du indlevere apparatet p\u00e5 vort v\u00e6rksted eller kontakte os p\u00e5<\/span><\/p>\n<p><span style=\"font-size: 14pt;\"><strong><span style=\"font-family: helvetica, arial, sans-serif;\">Tlf.: 45 88 60 77&nbsp;<\/span><\/strong><\/span><span style=\"font-family: helvetica, arial, sans-serif;\">for en aftale om indlevering \/ afhentning.<\/span><\/p>\n<p>&nbsp;<\/p>\n<p style=\"text-align: center;\"><span style=\"font-family: helvetica, arial, sans-serif;\"><span style=\"font-size: 10pt;\"><strong>SBR Electronic:<\/strong> Buddingevej 88 &#8211; 2800 Lyngby \u2022 Tlf.: 45 88 60 77 \u2022 <a href=\"mailto:sbr@beoservice.com\">sbr@beoservice.com <\/a><\/span><\/span><br \/>\n<em><span style=\"font-family: helvetica, arial, sans-serif;\"><span style=\"font-size: 10pt;\">\u00c5bningstider : Mandag \u2013 torsdag&nbsp; 8.00 -16.00 \/ fredag 8.00 &#8211; 15.30 Tlf. tid 8.00-10.00 -14.00-16.00<\/span><\/span><\/em><\/p>\n<p style=\"text-align: center;\"><span style=\"font-family: helvetica, arial, sans-serif; font-size: 10pt;\">V\u00e6rkstedet er i perioder ubemandet grundet udeservice <\/span><\/p>\n<p style=\"text-align: center;\"><span style=\"font-family: helvetica, arial, sans-serif; font-size: 10pt;\">Ring gerne f\u00f8r ankomst (bem\u00e6rk ovenst\u00e5ende tlf. tid)<\/span><\/p>\n","protected":false},"excerpt":{"rendered":"<p>B&amp;O reparation og garantiservice Der er pt. ca. 4 ugers ekspeditionstid p\u00e5 ikke garanti reparation af&nbsp; Audio produkter SBR electronic bestr\u00e6ber sig p\u00e5 at yde en service, som matcher det uforlignelige fokus p\u00e5 kvalitet og design, du finder i alle<span class=\"ellipsis\">&hellip;<\/span><\/p>\n<div class=\"read-more\"><a href=\"https:\/\/www.sbr-electronic.dk\/?page_id=42\">L\u00e6s mere &#8250;<\/a><\/div>\n<p><!-- end of .read-more --><\/p>\n","protected":false},"author":1,"featured_media":0,"parent":0,"menu_order":0,"comment_status":"closed","ping_status":"closed","template":"","meta":{"ngg_post_thumbnail":0},"_links":{"self":[{"href":"https:\/\/www.sbr-electronic.dk\/index.php?rest_route=\/wp\/v2\/pages\/42"}],"collection":[{"href":"https:\/\/www.sbr-electronic.dk\/index.php?rest_route=\/wp\/v2\/pages"}],"about":[{"href":"https:\/\/www.sbr-electronic.dk\/index.php?rest_route=\/wp\/v2\/types\/page"}],"author":[{"embeddable":true,"href":"https:\/\/www.sbr-electronic.dk\/index.php?rest_route=\/wp\/v2\/users\/1"}],"replies":[{"embeddable":true,"href":"https:\/\/www.sbr-electronic.dk\/index.php?rest_route=%2Fwp%2Fv2%2Fcomments&post=42"}],"version-history":[{"count":21,"href":"https:\/\/www.sbr-electronic.dk\/index.php?rest_route=\/wp\/v2\/pages\/42\/revisions"}],"predecessor-version":[{"id":502,"href":"https:\/\/www.sbr-electronic.dk\/index.php?rest_route=\/wp\/v2\/pages\/42\/revisions\/502"}],"wp:attachment":[{"href":"https:\/\/www.sbr-electronic.dk\/index.php?rest_route=%2Fwp%2Fv2%2Fmedia&parent=42"}],"curies":[{"name":"wp","href":"https:\/\/api.w.org\/{rel}","templated":true}]}}