{"id":25,"date":"2019-03-14T19:00:58","date_gmt":"2019-03-14T18:00:58","guid":{"rendered":"http:\/\/www.sbr-electronic.dk\/?page_id=25"},"modified":"2022-04-29T09:32:50","modified_gmt":"2022-04-29T07:32:50","slug":"totalleverancer-af-av-rum","status":"publish","type":"page","link":"https:\/\/www.sbr-electronic.dk\/?page_id=25","title":{"rendered":"AV-l\u00f8sninger"},"content":{"rendered":"<p><img decoding=\"async\" loading=\"lazy\" class=\"wp-image-313 alignleft\" src=\"http:\/\/www.sbr-electronic.dk\/wp-content\/uploads\/2019\/09\/AV.moederum.jpg\" alt=\"\" width=\"359\" height=\"239\"><\/p>\n<p><span style=\"font-size: 14pt; color: #808080;\"><strong><span style=\"font-family: helvetica, arial, sans-serif;\">SBR electronic tilbyder totalleverancer af AV-rum<\/span><\/strong><\/span><\/p>\n<p><span style=\"font-family: helvetica, arial, sans-serif;\"><strong><em>Videokonference:<br \/>\n<\/em><\/strong>For\u00f8g v\u00e6rdien af jeres forretningskommunikation, fjernundervisning eller andre former for remote konsulenttjenester ved hj\u00e6lp af lyd og billeder samt PC-pr\u00e6sentationer med et professionelt Video konference system.<strong><em><br \/>\n<\/em><\/strong><\/span><\/p>\n<p><span style=\"font-family: helvetica, arial, sans-serif;\"><br \/>\nVi tilbyder at projektere, levere og montere kameraer, professionel projektor og l\u00e6rred, tilh\u00f8rende professionelt lydanl\u00e6g samt smarte styringssystemer til kontrol af udstyret i auditorier eller undervisnings- og m\u00f8delokaler.<\/span><\/p>\n<p><strong><em><span style=\"font-family: helvetica, arial, sans-serif;\">Efter endt installation foretaget af vore dygtige teknikere og samarbejdspartnere, instruerer vi brugerne i betjeningen.<\/span><\/em><\/strong><\/p>\n<p style=\"text-align: center;\"><span style=\"font-family: helvetica, arial, sans-serif;\"><span style=\"font-size: 10pt;\"><strong>SBR electronic:<\/strong> Buddingevej 88 &#8211; 2800 Lyngby \u2022 Tlf.: 45 88 60 77 \u2022 <a href=\"mailto:sbr@beoservice.com\">sbr@beoservice.com <\/a><\/span><\/span><br \/>\n<em><span style=\"font-family: helvetica, arial, sans-serif;\"><span style=\"font-size: 10pt;\">\u00c5bningstider: Mandag \u2013 torsdag 8.00 &#8211; 16.00 \/ fredag 8.00 &#8211; 15.30<\/span><\/span><\/em><\/p>\n","protected":false},"excerpt":{"rendered":"<p>SBR electronic tilbyder totalleverancer af AV-rum Videokonference: For\u00f8g v\u00e6rdien af jeres forretningskommunikation, fjernundervisning eller andre former for remote konsulenttjenester ved hj\u00e6lp af lyd og billeder samt PC-pr\u00e6sentationer med et professionelt Video konference system. Vi tilbyder at projektere, levere og montere<span class=\"ellipsis\">&hellip;<\/span><\/p>\n<div class=\"read-more\"><a href=\"https:\/\/www.sbr-electronic.dk\/?page_id=25\">L\u00e6s mere &#8250;<\/a><\/div>\n<p><!-- end of .read-more --><\/p>\n","protected":false},"author":1,"featured_media":0,"parent":0,"menu_order":0,"comment_status":"closed","ping_status":"closed","template":"","meta":{"ngg_post_thumbnail":0},"_links":{"self":[{"href":"https:\/\/www.sbr-electronic.dk\/index.php?rest_route=\/wp\/v2\/pages\/25"}],"collection":[{"href":"https:\/\/www.sbr-electronic.dk\/index.php?rest_route=\/wp\/v2\/pages"}],"about":[{"href":"https:\/\/www.sbr-electronic.dk\/index.php?rest_route=\/wp\/v2\/types\/page"}],"author":[{"embeddable":true,"href":"https:\/\/www.sbr-electronic.dk\/index.php?rest_route=\/wp\/v2\/users\/1"}],"replies":[{"embeddable":true,"href":"https:\/\/www.sbr-electronic.dk\/index.php?rest_route=%2Fwp%2Fv2%2Fcomments&post=25"}],"version-history":[{"count":28,"href":"https:\/\/www.sbr-electronic.dk\/index.php?rest_route=\/wp\/v2\/pages\/25\/revisions"}],"predecessor-version":[{"id":384,"href":"https:\/\/www.sbr-electronic.dk\/index.php?rest_route=\/wp\/v2\/pages\/25\/revisions\/384"}],"wp:attachment":[{"href":"https:\/\/www.sbr-electronic.dk\/index.php?rest_route=%2Fwp%2Fv2%2Fmedia&parent=25"}],"curies":[{"name":"wp","href":"https:\/\/api.w.org\/{rel}","templated":true}]}}