{"id":23,"date":"2019-03-14T18:58:59","date_gmt":"2019-03-14T17:58:59","guid":{"rendered":"http:\/\/www.sbr-electronic.dk\/?page_id=23"},"modified":"2022-04-29T09:32:22","modified_gmt":"2022-04-29T07:32:22","slug":"tv-signal-modtagning","status":"publish","type":"page","link":"https:\/\/www.sbr-electronic.dk\/?page_id=23","title":{"rendered":"Netv\u00e6rk"},"content":{"rendered":"<p><strong><span style=\"font-family: helvetica, arial, sans-serif; font-size: 14pt; color: #808080;\">Netv\u00e6rk<\/span><\/strong><\/p>\n<p><strong><span style=\"font-family: helvetica, arial, sans-serif;\">Vi tilbyder etablering og udvidelse af hjemmenetv\u00e6rk.<\/span><\/strong><\/p>\n<p><span style=\"font-family: helvetica, arial, sans-serif;\">Med vores mange\u00e5rige erfaring indenfor ops\u00e6tning og konfigurering af netv\u00e6rk, <\/span><\/p>\n<p><span style=\"font-family: helvetica, arial, sans-serif;\">kan vi skr\u00e6ddersy <\/span><span style=\"font-family: helvetica, arial, sans-serif;\">den helt rigtig netv\u00e6rksl\u00f8sning, til den enkelte opgave.<\/span><\/p>\n<p><img decoding=\"async\" loading=\"lazy\" class=\"alignnone size-full wp-image-375\" src=\"http:\/\/www.sbr-electronic.dk\/wp-content\/uploads\/2022\/04\/Access.jpg\" alt=\"\" width=\"225\" height=\"225\" srcset=\"https:\/\/www.sbr-electronic.dk\/wp-content\/uploads\/2022\/04\/Access.jpg 225w, https:\/\/www.sbr-electronic.dk\/wp-content\/uploads\/2022\/04\/Access-150x150.jpg 150w, https:\/\/www.sbr-electronic.dk\/wp-content\/uploads\/2022\/04\/Access-100x100.jpg 100w, https:\/\/www.sbr-electronic.dk\/wp-content\/uploads\/2022\/04\/Access-200x200.jpg 200w\" sizes=\"(max-width: 225px) 100vw, 225px\" \/>&nbsp;<img decoding=\"async\" loading=\"lazy\" class=\"alignnone size-full wp-image-376\" src=\"http:\/\/www.sbr-electronic.dk\/wp-content\/uploads\/2022\/04\/Switch.jpg\" alt=\"\" width=\"310\" height=\"163\" srcset=\"https:\/\/www.sbr-electronic.dk\/wp-content\/uploads\/2022\/04\/Switch.jpg 310w, https:\/\/www.sbr-electronic.dk\/wp-content\/uploads\/2022\/04\/Switch-300x158.jpg 300w, https:\/\/www.sbr-electronic.dk\/wp-content\/uploads\/2022\/04\/Switch-100x53.jpg 100w, https:\/\/www.sbr-electronic.dk\/wp-content\/uploads\/2022\/04\/Switch-150x79.jpg 150w, https:\/\/www.sbr-electronic.dk\/wp-content\/uploads\/2022\/04\/Switch-200x105.jpg 200w\" sizes=\"(max-width: 310px) 100vw, 310px\" \/><\/p>\n<p><span style=\"font-family: helvetica, arial, sans-serif;\"><em><strong>Vi tilbyder ops\u00e6tning og udvidelse af hjemmenetv\u00e6rk<\/strong><\/em><strong><em><br \/>\nhvad enten det drejer sig om:<\/em><\/strong><\/span><\/p>\n<ul>\n<li><span style=\"font-family: helvetica, arial, sans-serif;\">Access points<\/span><\/li>\n<li><span style=\"font-family: helvetica, arial, sans-serif;\">Subnet<\/span><\/li>\n<li><span style=\"font-family: helvetica, arial, sans-serif;\">Switches<\/span><\/li>\n<li><span style=\"font-family: helvetica, arial, sans-serif;\">Kabling<\/span><\/li>\n<\/ul>\n<p><span style=\"font-family: helvetica, arial, sans-serif;\">Alt sammen optimeret til brug sammen B&amp;O produkter.<\/span><\/p>\n<p><span style=\"font-family: helvetica, arial, sans-serif;\"><em><strong>Ring gerne til os for et uforpligtende tilbud.<\/strong><\/em><\/span><\/p>\n<p>&nbsp;<\/p>\n<p>&nbsp;<\/p>\n<p style=\"text-align: center;\"><span style=\"font-family: helvetica, arial, sans-serif;\"><span style=\"font-size: 10pt;\"><strong>SBR electronic:<\/strong> Buddingevej 88 &#8211; 2800 Lyngby \u2022 Tlf.: 45 88 60 77 \u2022 <a href=\"mailto:sbr@beoservice.com\">sbr@beoservice.com <\/a><\/span><\/span><br \/>\n<em><span style=\"font-family: helvetica, arial, sans-serif;\"><span style=\"font-size: 10pt;\">\u00c5bningstider: Mandag \u2013 torsdag 8.00 &#8211; 16.00 \/ fredag 8.00 &#8211; 15.30<\/span><\/span><\/em><\/p>\n","protected":false},"excerpt":{"rendered":"<p>Netv\u00e6rk Vi tilbyder etablering og udvidelse af hjemmenetv\u00e6rk. Med vores mange\u00e5rige erfaring indenfor ops\u00e6tning og konfigurering af netv\u00e6rk, kan vi skr\u00e6ddersy den helt rigtig netv\u00e6rksl\u00f8sning, til den enkelte opgave. &nbsp; Vi tilbyder ops\u00e6tning og udvidelse af hjemmenetv\u00e6rk hvad enten det<span class=\"ellipsis\">&hellip;<\/span><\/p>\n<div class=\"read-more\"><a href=\"https:\/\/www.sbr-electronic.dk\/?page_id=23\">L\u00e6s mere &#8250;<\/a><\/div>\n<p><!-- end of .read-more --><\/p>\n","protected":false},"author":1,"featured_media":0,"parent":0,"menu_order":0,"comment_status":"closed","ping_status":"closed","template":"","meta":{"ngg_post_thumbnail":0},"_links":{"self":[{"href":"https:\/\/www.sbr-electronic.dk\/index.php?rest_route=\/wp\/v2\/pages\/23"}],"collection":[{"href":"https:\/\/www.sbr-electronic.dk\/index.php?rest_route=\/wp\/v2\/pages"}],"about":[{"href":"https:\/\/www.sbr-electronic.dk\/index.php?rest_route=\/wp\/v2\/types\/page"}],"author":[{"embeddable":true,"href":"https:\/\/www.sbr-electronic.dk\/index.php?rest_route=\/wp\/v2\/users\/1"}],"replies":[{"embeddable":true,"href":"https:\/\/www.sbr-electronic.dk\/index.php?rest_route=%2Fwp%2Fv2%2Fcomments&post=23"}],"version-history":[{"count":51,"href":"https:\/\/www.sbr-electronic.dk\/index.php?rest_route=\/wp\/v2\/pages\/23\/revisions"}],"predecessor-version":[{"id":383,"href":"https:\/\/www.sbr-electronic.dk\/index.php?rest_route=\/wp\/v2\/pages\/23\/revisions\/383"}],"wp:attachment":[{"href":"https:\/\/www.sbr-electronic.dk\/index.php?rest_route=%2Fwp%2Fv2%2Fmedia&parent=23"}],"curies":[{"name":"wp","href":"https:\/\/api.w.org\/{rel}","templated":true}]}}