{"id":12,"date":"2019-03-14T18:49:02","date_gmt":"2019-03-14T17:49:02","guid":{"rendered":"http:\/\/www.sbr-electronic.dk\/?page_id=12"},"modified":"2025-12-09T13:48:57","modified_gmt":"2025-12-09T12:48:57","slug":"service-installation-netvaerk","status":"publish","type":"page","link":"https:\/\/www.sbr-electronic.dk\/","title":{"rendered":"B&#038;O Servicecenter"},"content":{"rendered":"<p style=\"text-align: center;\"><span style=\"color: #808080; font-size: 14pt;\"><strong><span style=\"font-family: helvetica, arial, sans-serif;\">Service og installation <\/span><\/strong><\/span><span style=\"font-family: helvetica, arial, sans-serif; font-size: 14pt;\"><span style=\"color: #808080;\"><strong>af B&amp;O produkter, AV \/Netv\u00e6rks Installation&nbsp;<\/strong><\/span><\/span><\/p>\n<p style=\"text-align: center;\"><span style=\"font-family: helvetica, arial, sans-serif; color: #ff0000;\">Grundet ekstraordin\u00e6r travlhed er der pt. ca. 4 ugers reparationstid p\u00e5 ikke garantireparationer.<\/span><\/p>\n<p style=\"text-align: center;\"><span style=\"font-size: 14pt; color: #808080;\"><strong><span style=\"font-family: helvetica, arial, sans-serif;\">Servicecenter &#8211; Yamaha Instrumenter \/ Pro Audio<\/span><\/strong><\/span><\/p>\n<p style=\"text-align: center;\"><span style=\"color: #808080;\"><strong><span style=\"font-family: helvetica, arial, sans-serif;\">Salg af Yamaha Music reservedele<\/span><\/strong><\/span><\/p>\n<p style=\"text-align: center;\"><span style=\"font-family: helvetica, arial, sans-serif;\">SBR Electronic er et af Danmarks st\u00f8rste og \u00e6ldste autoriserede Bang &amp; Olufsen servicecentre. Veluddannede teknikere og mont\u00f8rer sikrer en god &#8220;after sales service&#8221;, <\/span><span style=\"font-family: helvetica, arial, sans-serif;\">n\u00e5r valget har v\u00e6ret at anskaffe et eller flere Bang &amp; Olufsen produkter.<\/span><\/p>\n<p style=\"text-align: center;\"><span style=\"font-family: helvetica, arial, sans-serif;\">Vi samarbejder med en r\u00e6kke B&amp;O forhandlere i Stork\u00f8benhavn og Nordsj\u00e6lland. I kraft af vores servicekontrakt med Bang&amp;Olufsen Danmark, yder vi garantiservice. Reklamationen oprettes dog i den butik hvor produktet er k\u00f8bt.&nbsp;<\/span><\/p>\n<p style=\"text-align: center;\"><span style=\"font-family: helvetica, arial, sans-serif;\">Vi servicerer naturligvis alle B&amp;O produkter i hele deres levetid.<\/span><\/p>\n<p style=\"text-align: center;\"><span style=\"font-family: helvetica, arial, sans-serif;\">Vi kan yderligere tilbyde at afhente produkterne hjemme hos dig. Og hos os er det en selvf\u00f8lge, at vores tekniker ved aflevering efter servicebes\u00f8get monterer og efterpr\u00f8ver apparaterne.&nbsp;<\/span><\/p>\n<p style=\"text-align: center;\"><span style=\"font-family: helvetica, arial, sans-serif;\">SBR Electronic er kendt for h\u00f8j service og god kundepleje. Vi prioriterer h\u00f8jt, at vores kunder f\u00e5r det fulde udbytte og gl\u00e6de af sine B&amp;O produkter.<\/span><\/p>\n<p style=\"text-align: center;\"><span style=\"font-family: helvetica, arial, sans-serif;\">Firmaet har domicil i Kgs. Lyngby p\u00e5 Buddingevej 88, f\u00e5 hundrede meter fra Ringmotorvejen, og der er parkering lige ved d\u00f8ren.<\/span><\/p>\n<p>&nbsp;<\/p>\n<p style=\"text-align: center;\"><span style=\"font-family: helvetica, arial, sans-serif;\"><span style=\"font-size: 10pt;\"><strong>SBR Electronic:<\/strong> Buddingevej 88 &#8211; 2800 Lyngby \u2022 Tlf.: 45 88 60 77 \u2022 <a href=\"mailto:sbr@beoservice.com\">sbr@beoservice.com <\/a><\/span><\/span><br \/>\n<em><span style=\"font-family: helvetica, arial, sans-serif;\"><span style=\"font-size: 10pt;\">\u00c5bningstider : Mandag \u2013 torsdag&nbsp; 8.00 -16.00 \/ fredag 8.00 &#8211; 15.30 Tlf. tid 8.00-10.00 -14.00-16.00<\/span><\/span><\/em><\/p>\n<p style=\"text-align: center;\"><span style=\"font-family: helvetica, arial, sans-serif; font-size: 10pt;\">V\u00e6rkstedet er i perioder ubemandet grundet udeservice <\/span><\/p>\n<p style=\"text-align: center;\"><span style=\"font-family: helvetica, arial, sans-serif; font-size: 10pt;\">Ring gerne f\u00f8r ankomst (bem\u00e6rk ovenst\u00e5ende tlf. tid)<\/span><\/p>\n","protected":false},"excerpt":{"rendered":"<p>Service og installation af B&amp;O produkter, AV \/Netv\u00e6rks Installation&nbsp; Grundet ekstraordin\u00e6r travlhed er der pt. ca. 4 ugers reparationstid p\u00e5 ikke garantireparationer. Servicecenter &#8211; Yamaha Instrumenter \/ Pro Audio Salg af Yamaha Music reservedele SBR Electronic er et af Danmarks<span class=\"ellipsis\">&hellip;<\/span><\/p>\n<div class=\"read-more\"><a href=\"https:\/\/www.sbr-electronic.dk\/\">L\u00e6s mere &#8250;<\/a><\/div>\n<p><!-- end of .read-more --><\/p>\n","protected":false},"author":1,"featured_media":0,"parent":0,"menu_order":1,"comment_status":"closed","ping_status":"closed","template":"","meta":{"ngg_post_thumbnail":0},"_links":{"self":[{"href":"https:\/\/www.sbr-electronic.dk\/index.php?rest_route=\/wp\/v2\/pages\/12"}],"collection":[{"href":"https:\/\/www.sbr-electronic.dk\/index.php?rest_route=\/wp\/v2\/pages"}],"about":[{"href":"https:\/\/www.sbr-electronic.dk\/index.php?rest_route=\/wp\/v2\/types\/page"}],"author":[{"embeddable":true,"href":"https:\/\/www.sbr-electronic.dk\/index.php?rest_route=\/wp\/v2\/users\/1"}],"replies":[{"embeddable":true,"href":"https:\/\/www.sbr-electronic.dk\/index.php?rest_route=%2Fwp%2Fv2%2Fcomments&post=12"}],"version-history":[{"count":95,"href":"https:\/\/www.sbr-electronic.dk\/index.php?rest_route=\/wp\/v2\/pages\/12\/revisions"}],"predecessor-version":[{"id":499,"href":"https:\/\/www.sbr-electronic.dk\/index.php?rest_route=\/wp\/v2\/pages\/12\/revisions\/499"}],"wp:attachment":[{"href":"https:\/\/www.sbr-electronic.dk\/index.php?rest_route=%2Fwp%2Fv2%2Fmedia&parent=12"}],"curies":[{"name":"wp","href":"https:\/\/api.w.org\/{rel}","templated":true}]}}